{"id":46,"date":"2023-06-21T15:27:16","date_gmt":"2023-06-21T18:27:16","guid":{"rendered":"https:\/\/kb.atg.com.br\/?page_id=46"},"modified":"2023-06-23T15:05:12","modified_gmt":"2023-06-23T18:05:12","slug":"colibri-wp","status":"publish","type":"page","link":"https:\/\/kb.atg.com.br\/?page_id=46","title":{"rendered":"Front Page"},"content":{"rendered":"<div data-colibri-id=\"46-c1\" class=\"style-193 style-local-46-c1 position-relative\">\n  <!----><\/p>\n<div data-colibri-component=\"section\" data-colibri-id=\"46-c2\" id=\"about-2\" class=\"h-section h-section-global-spacing d-flex align-items-lg-center align-items-md-center align-items-center style-260 style-local-46-c2 position-relative\">\n    <!----><br \/>\n    <!----><\/p>\n<div class=\"h-section-grid-container h-section-boxed-container\">\n      <!----><\/p>\n<div data-colibri-id=\"46-c3\" class=\"h-row-container gutters-row-lg-0 gutters-row-md-0 gutters-row-0 gutters-row-v-lg-0 gutters-row-v-md-0 gutters-row-v-0 style-261 style-local-46-c3 position-relative\">\n        <!----><\/p>\n<div class=\"h-row justify-content-lg-center justify-content-md-center justify-content-center align-items-lg-stretch align-items-md-stretch align-items-stretch gutters-col-lg-0 gutters-col-md-0 gutters-col-0 gutters-col-v-lg-0 gutters-col-v-md-0 gutters-col-v-0\">\n          <!----><\/p>\n<div class=\"h-column h-column-container d-flex h-col-lg-auto h-col-md-auto h-col-auto style-262-outer style-local-46-c4-outer\">\n<div data-colibri-id=\"46-c4\" class=\"d-flex h-flex-basis h-column__inner h-px-lg-0 h-px-md-0 h-px-0 v-inner-lg-0 v-inner-md-0 v-inner-0 style-262 style-local-46-c4 position-relative\">\n              <!----><br \/>\n              <!----><\/p>\n<div class=\"w-100 h-y-container h-column__content h-column__v-align flex-basis-100 align-self-lg-start align-self-md-start align-self-start\">\n                <!----><\/p>\n<div data-colibri-id=\"46-c5\" class=\"h-global-transition-all h-heading style-263 style-local-46-c5 position-relative h-element\">\n                  <!----><\/p>\n<div class=\"h-heading__outer style-263 style-local-46-c5\">\n                    <!----><br \/>\n                    <!----><\/p>\n<h5 class=\"\">Sobre n\u00f3s<\/h5>\n<\/p><\/div>\n<\/p><\/div>\n<div data-colibri-id=\"46-c6\" class=\"h-global-transition-all h-heading style-264 style-local-46-c6 position-relative h-element\">\n                  <!----><\/p>\n<div class=\"h-heading__outer style-264 style-local-46-c6\">\n                    <!----><br \/>\n                    <!----><\/p>\n<h2 class=\"\">Gest\u00e3o do come\u00e7o ao fim em uma \u00fanica Plataforma.<\/h2>\n<\/p><\/div>\n<\/p><\/div>\n<div data-colibri-id=\"46-c7\" class=\"h-text h-text-component style-265 style-local-46-c7 position-relative h-element\">\n                  <!----><br \/>\n                  <!----><\/p>\n<div class=\"\">\n<p>Somos a ATG Solu\u00e7\u00f5es, uma empresa de TI especializada em solu\u00e7\u00f5es de gest\u00e3o de manuten\u00e7\u00e3o, comissionamento e monitoramento.<\/p>\n<\/p><\/div>\n<\/p><\/div>\n<\/p><\/div>\n<\/p><\/div>\n<\/p><\/div>\n<\/p><\/div>\n<\/p><\/div>\n<div data-colibri-id=\"46-c8\" class=\"h-row-container gutters-row-lg-2 gutters-row-md-2 gutters-row-0 gutters-row-v-lg-2 gutters-row-v-md-2 gutters-row-v-2 style-289 style-local-46-c8 position-relative\">\n        <!----><\/p>\n<div class=\"h-row justify-content-lg-center justify-content-md-center justify-content-center align-items-lg-stretch align-items-md-stretch align-items-stretch gutters-col-lg-2 gutters-col-md-2 gutters-col-0 gutters-col-v-lg-2 gutters-col-v-md-2 gutters-col-v-2\">\n          <!----><\/p>\n<div class=\"h-column h-column-container d-flex h-col-lg-auto h-col-md-auto h-col-auto style-290-outer style-local-46-c9-outer\">\n<div data-colibri-id=\"46-c9\" class=\"d-flex h-flex-basis h-column__inner h-px-lg-2 h-px-md-2 h-px-2 v-inner-lg-2 v-inner-md-2 v-inner-2 style-290 style-local-46-c9 position-relative\">\n              <!----><br \/>\n              <!----><\/p>\n<div class=\"w-100 h-y-container h-column__content h-column__v-align flex-basis-100 align-self-lg-start align-self-md-start align-self-start\">\n                <!----><\/p>\n<div data-colibri-id=\"46-c10\" class=\"h-x-container style-291 style-local-46-c10 position-relative h-element\">\n                  <!----><\/p>\n<div class=\"h-x-container-inner style-dynamic-46-c10-group style-291-spacing style-local-46-c10-spacing\"><span class=\"h-button__outer style-292-outer style-local-46-c11-outer d-inline-flex h-element\"><a h-use-smooth-scroll=\"true\" href=\"https:\/\/atg.com.br\/\"  data-colibri-id=\"46-c11\" class=\"d-flex w-100 align-items-center h-button justify-content-lg-center justify-content-md-center justify-content-center style-292 style-local-46-c11 position-relative\"><!----><!----> <span>Conhe\u00e7a nosso software h\u00b2o field service<\/span><\/a><br \/>\n                    <\/span><span class=\"h-button__outer style-293-outer style-local-46-c12-outer d-inline-flex h-element\"><a h-use-smooth-scroll=\"true\" href=\"https:\/\/kb.atg.com.br\/\"  data-colibri-id=\"46-c12\" class=\"d-flex w-100 align-items-center h-button justify-content-lg-center justify-content-md-center justify-content-center style-293 style-local-46-c12 position-relative\"><!----><!----> <span>Base de conhecimento<\/span><\/a><br \/>\n                    <\/span>\n                  <\/div>\n<\/p><\/div>\n<\/p><\/div>\n<\/p><\/div>\n<\/p><\/div>\n<\/p><\/div>\n<\/p><\/div>\n<\/p><\/div>\n<\/p><\/div>\n<div data-colibri-component=\"section\" data-colibri-id=\"46-c13\" id=\"custom\" class=\"h-section h-section-global-spacing d-flex align-items-lg-center align-items-md-center align-items-center style-286 style-local-46-c13 position-relative\">\n    <!----><br \/>\n    <!----><\/p>\n<div class=\"h-section-grid-container h-section-boxed-container\">\n      <!----><\/p>\n<div data-colibri-id=\"46-c14\" class=\"h-row-container gutters-row-lg-2 gutters-row-md-2 gutters-row-0 gutters-row-v-lg-2 gutters-row-v-md-2 gutters-row-v-2 style-287 style-local-46-c14 position-relative\">\n        <!----><\/p>\n<div class=\"h-row justify-content-lg-center justify-content-md-center justify-content-center align-items-lg-stretch align-items-md-stretch align-items-stretch gutters-col-lg-2 gutters-col-md-2 gutters-col-0 gutters-col-v-lg-2 gutters-col-v-md-2 gutters-col-v-2\">\n          <!----><\/p>\n<div class=\"h-column h-column-container d-flex h-col-lg-auto h-col-md-auto h-col-auto style-288-outer style-local-46-c15-outer\">\n<div data-colibri-id=\"46-c15\" class=\"d-flex h-flex-basis h-column__inner h-ui-empty-state-container h-px-lg-2 h-px-md-2 h-px-2 v-inner-lg-2 v-inner-md-2 v-inner-2 style-288 style-local-46-c15 position-relative\">\n              <!----><br \/>\n              <!----><\/p>\n<div class=\"w-100 h-y-container h-column__content h-column__v-align flex-basis-100\">\n                <!---->\n              <\/div>\n<\/p><\/div>\n<\/p><\/div>\n<\/p><\/div>\n<\/p><\/div>\n<\/p><\/div>\n<\/p><\/div>\n<\/div>\n","protected":false},"excerpt":{"rendered":"<p>Sobre n\u00f3s Gest\u00e3o do come\u00e7o ao fim em uma \u00fanica Plataforma. Somos a ATG Solu\u00e7\u00f5es, uma empresa de TI especializada em solu\u00e7\u00f5es de gest\u00e3o de manuten\u00e7\u00e3o, comissionamento e monitoramento. Conhe\u00e7a nosso software h\u00b2o field service Base de conhecimento<\/p>\n","protected":false},"author":1,"featured_media":0,"parent":0,"menu_order":0,"comment_status":"closed","ping_status":"closed","template":"page-templates\/homepage.php","meta":[],"_links":{"self":[{"href":"https:\/\/kb.atg.com.br\/index.php?rest_route=\/wp\/v2\/pages\/46"}],"collection":[{"href":"https:\/\/kb.atg.com.br\/index.php?rest_route=\/wp\/v2\/pages"}],"about":[{"href":"https:\/\/kb.atg.com.br\/index.php?rest_route=\/wp\/v2\/types\/page"}],"author":[{"embeddable":true,"href":"https:\/\/kb.atg.com.br\/index.php?rest_route=\/wp\/v2\/users\/1"}],"replies":[{"embeddable":true,"href":"https:\/\/kb.atg.com.br\/index.php?rest_route=%2Fwp%2Fv2%2Fcomments&post=46"}],"version-history":[{"count":0,"href":"https:\/\/kb.atg.com.br\/index.php?rest_route=\/wp\/v2\/pages\/46\/revisions"}],"wp:attachment":[{"href":"https:\/\/kb.atg.com.br\/index.php?rest_route=%2Fwp%2Fv2%2Fmedia&parent=46"}],"curies":[{"name":"wp","href":"https:\/\/api.w.org\/{rel}","templated":true}]}}